{"id":137,"date":"2022-01-10T15:34:20","date_gmt":"2022-01-10T15:34:20","guid":{"rendered":"https:\/\/keskitalonmaatilaleipomo.fi\/?page_id=137"},"modified":"2022-02-07T14:39:24","modified_gmt":"2022-02-07T14:39:24","slug":"suolaiset-evaat","status":"publish","type":"page","link":"https:\/\/keskitalonmaatilaleipomo.fi\/index.php\/suolaiset-evaat\/","title":{"rendered":"Suolaiset leivonnaiset"},"content":{"rendered":"\n<h2 class=\"wp-block-heading\" id=\"keskitalon-vesirinkeli\">Keskitalon Vesirinkeli<\/h2>\n\n\n\n<p>Perinteisesti valmistettu suolavedess\u00e4 keitetty.<\/p>\n\n\n\n<figure class=\"wp-block-image size-large\"><img loading=\"lazy\" decoding=\"async\" width=\"611\" height=\"593\" src=\"https:\/\/keskitalonmaatilaleipomo.fi\/wp-content\/uploads\/2022\/01\/vesirinkeli-611x593.png\" alt=\"\" class=\"wp-image-138\"\/><\/figure>\n\n\n\n<p><\/p>\n\n\n\n<h2 class=\"wp-block-heading\" id=\"keskitalon-porkkanasampyla\">Keskitalon Porkkanas\u00e4mpyl\u00e4<\/h2>\n\n\n\n<p>Mehev\u00e4 klassikko<\/p>\n\n\n\n<figure class=\"wp-block-image size-large\"><img loading=\"lazy\" decoding=\"async\" width=\"1024\" height=\"768\" src=\"https:\/\/keskitalonmaatilaleipomo.fi\/wp-content\/uploads\/2022\/02\/20220125_091231-1024x768.jpg\" alt=\"\" class=\"wp-image-210\" srcset=\"https:\/\/keskitalonmaatilaleipomo.fi\/wp-content\/uploads\/2022\/02\/20220125_091231-1024x768.jpg 1024w, https:\/\/keskitalonmaatilaleipomo.fi\/wp-content\/uploads\/2022\/02\/20220125_091231-300x225.jpg 300w, https:\/\/keskitalonmaatilaleipomo.fi\/wp-content\/uploads\/2022\/02\/20220125_091231-768x576.jpg 768w, https:\/\/keskitalonmaatilaleipomo.fi\/wp-content\/uploads\/2022\/02\/20220125_091231-1536x1152.jpg 1536w, https:\/\/keskitalonmaatilaleipomo.fi\/wp-content\/uploads\/2022\/02\/20220125_091231-2048x1536.jpg 2048w\" sizes=\"auto, (max-width: 767px) 89vw, (max-width: 1000px) 54vw, (max-width: 1071px) 543px, 580px\" \/><\/figure>\n\n\n\n<figure class=\"wp-block-image size-large\"><img loading=\"lazy\" decoding=\"async\" width=\"768\" height=\"1024\" src=\"https:\/\/keskitalonmaatilaleipomo.fi\/wp-content\/uploads\/2022\/02\/20220129_080525-768x1024.jpg\" alt=\"\" class=\"wp-image-226\" srcset=\"https:\/\/keskitalonmaatilaleipomo.fi\/wp-content\/uploads\/2022\/02\/20220129_080525-768x1024.jpg 768w, https:\/\/keskitalonmaatilaleipomo.fi\/wp-content\/uploads\/2022\/02\/20220129_080525-225x300.jpg 225w, https:\/\/keskitalonmaatilaleipomo.fi\/wp-content\/uploads\/2022\/02\/20220129_080525-1152x1536.jpg 1152w, https:\/\/keskitalonmaatilaleipomo.fi\/wp-content\/uploads\/2022\/02\/20220129_080525-1536x2048.jpg 1536w, https:\/\/keskitalonmaatilaleipomo.fi\/wp-content\/uploads\/2022\/02\/20220129_080525-scaled.jpg 1920w\" sizes=\"auto, (max-width: 767px) 89vw, (max-width: 1000px) 54vw, (max-width: 1071px) 543px, 580px\" \/><\/figure>\n\n\n\n<p><\/p>\n\n\n\n<h2 class=\"wp-block-heading\" id=\"keskitalon-karjalanpiirakka\">Keskitalon Karjalanpiirakka<\/h2>\n\n\n\n<figure class=\"wp-block-image size-large\"><img loading=\"lazy\" decoding=\"async\" width=\"1024\" height=\"768\" src=\"https:\/\/keskitalonmaatilaleipomo.fi\/wp-content\/uploads\/2022\/02\/20220125_091506-1024x768.jpg\" alt=\"\" class=\"wp-image-218\" srcset=\"https:\/\/keskitalonmaatilaleipomo.fi\/wp-content\/uploads\/2022\/02\/20220125_091506-1024x768.jpg 1024w, https:\/\/keskitalonmaatilaleipomo.fi\/wp-content\/uploads\/2022\/02\/20220125_091506-300x225.jpg 300w, https:\/\/keskitalonmaatilaleipomo.fi\/wp-content\/uploads\/2022\/02\/20220125_091506-768x576.jpg 768w, https:\/\/keskitalonmaatilaleipomo.fi\/wp-content\/uploads\/2022\/02\/20220125_091506-1536x1152.jpg 1536w, https:\/\/keskitalonmaatilaleipomo.fi\/wp-content\/uploads\/2022\/02\/20220125_091506-2048x1536.jpg 2048w\" sizes=\"auto, (max-width: 767px) 89vw, (max-width: 1000px) 54vw, (max-width: 1071px) 543px, 580px\" \/><\/figure>\n\n\n\n<p><\/p>\n\n\n\n<h2 class=\"wp-block-heading\" id=\"keskitalon-pikkulihis\">Keskitalon Pikkulihis<\/h2>\n\n\n\n<p><\/p>\n\n\n\n<figure class=\"wp-block-image size-large\"><img loading=\"lazy\" decoding=\"async\" width=\"1024\" height=\"768\" src=\"https:\/\/keskitalonmaatilaleipomo.fi\/wp-content\/uploads\/2022\/02\/20220125_091529-1024x768.jpg\" alt=\"\" class=\"wp-image-221\" srcset=\"https:\/\/keskitalonmaatilaleipomo.fi\/wp-content\/uploads\/2022\/02\/20220125_091529-1024x768.jpg 1024w, https:\/\/keskitalonmaatilaleipomo.fi\/wp-content\/uploads\/2022\/02\/20220125_091529-300x225.jpg 300w, https:\/\/keskitalonmaatilaleipomo.fi\/wp-content\/uploads\/2022\/02\/20220125_091529-768x576.jpg 768w, https:\/\/keskitalonmaatilaleipomo.fi\/wp-content\/uploads\/2022\/02\/20220125_091529-1536x1152.jpg 1536w, https:\/\/keskitalonmaatilaleipomo.fi\/wp-content\/uploads\/2022\/02\/20220125_091529-2048x1536.jpg 2048w\" sizes=\"auto, (max-width: 767px) 89vw, (max-width: 1000px) 54vw, (max-width: 1071px) 543px, 580px\" \/><\/figure>\n\n\n\n<p><\/p>\n\n\n\n<p><\/p>\n","protected":false},"excerpt":{"rendered":"<p>Keskitalon Vesirinkeli Perinteisesti valmistettu suolavedess\u00e4 keitetty. Keskitalon Porkkanas\u00e4mpyl\u00e4 Mehev\u00e4 klassikko Keskitalon Karjalanpiirakka Keskitalon Pikkulihis<\/p>\n","protected":false},"author":1,"featured_media":0,"parent":0,"menu_order":0,"comment_status":"closed","ping_status":"closed","template":"","meta":{"footnotes":""},"class_list":["post-137","page","type-page","status-publish","hentry"],"_links":{"self":[{"href":"https:\/\/keskitalonmaatilaleipomo.fi\/index.php\/wp-json\/wp\/v2\/pages\/137","targetHints":{"allow":["GET"]}}],"collection":[{"href":"https:\/\/keskitalonmaatilaleipomo.fi\/index.php\/wp-json\/wp\/v2\/pages"}],"about":[{"href":"https:\/\/keskitalonmaatilaleipomo.fi\/index.php\/wp-json\/wp\/v2\/types\/page"}],"author":[{"embeddable":true,"href":"https:\/\/keskitalonmaatilaleipomo.fi\/index.php\/wp-json\/wp\/v2\/users\/1"}],"replies":[{"embeddable":true,"href":"https:\/\/keskitalonmaatilaleipomo.fi\/index.php\/wp-json\/wp\/v2\/comments?post=137"}],"version-history":[{"count":4,"href":"https:\/\/keskitalonmaatilaleipomo.fi\/index.php\/wp-json\/wp\/v2\/pages\/137\/revisions"}],"predecessor-version":[{"id":233,"href":"https:\/\/keskitalonmaatilaleipomo.fi\/index.php\/wp-json\/wp\/v2\/pages\/137\/revisions\/233"}],"wp:attachment":[{"href":"https:\/\/keskitalonmaatilaleipomo.fi\/index.php\/wp-json\/wp\/v2\/media?parent=137"}],"curies":[{"name":"wp","href":"https:\/\/api.w.org\/{rel}","templated":true}]}}