{"id":113,"date":"2022-01-10T14:30:16","date_gmt":"2022-01-10T14:30:16","guid":{"rendered":"https:\/\/keskitalonmaatilaleipomo.fi\/?page_id=113"},"modified":"2022-02-07T14:43:19","modified_gmt":"2022-02-07T14:43:19","slug":"hapanjuurileivat","status":"publish","type":"page","link":"https:\/\/keskitalonmaatilaleipomo.fi\/index.php\/hapanjuurileivat\/","title":{"rendered":"Hapanjuurileiv\u00e4t"},"content":{"rendered":"\n<p>Hapanjuurileip\u00e4mme k\u00e4yv\u00e4t l\u00e4pi pitk\u00e4lliset prosessit ennen valmistumistaan. Meilt\u00e4 l\u00f6yd\u00e4t tummaa ja vaaleaa hapanjuurileip\u00e4\u00e4.<\/p>\n\n\n\n<h2 class=\"wp-block-heading\" id=\"kaurahapanjuurileipa\">Kaurahapanjuurileip\u00e4<\/h2>\n\n\n\n<p>Kaurahapanjuurileip\u00e4mme valmistuksessa ei k\u00e4ytet\u00e4 hiivaa vaan se valmistetaan hapanjuureen. Raaka-aineina siin\u00e4 k\u00e4ytet\u00e4\u00e4n vehn\u00e4\u00e4 ja kauraa, jota taikinassa on jauhona sek\u00e4 kokonaisina jyvin\u00e4.<\/p>\n\n\n\n<figure class=\"wp-block-image size-full\"><img loading=\"lazy\" decoding=\"async\" width=\"720\" height=\"960\" src=\"https:\/\/keskitalonmaatilaleipomo.fi\/wp-content\/uploads\/2021\/03\/136060328_791989734717063_2960486430524282702_n.jpg\" alt=\"\" class=\"wp-image-41\" srcset=\"https:\/\/keskitalonmaatilaleipomo.fi\/wp-content\/uploads\/2021\/03\/136060328_791989734717063_2960486430524282702_n.jpg 720w, https:\/\/keskitalonmaatilaleipomo.fi\/wp-content\/uploads\/2021\/03\/136060328_791989734717063_2960486430524282702_n-225x300.jpg 225w\" sizes=\"auto, (max-width: 720px) 100vw, 720px\" \/><\/figure>\n\n\n\n<figure class=\"wp-block-gallery has-nested-images columns-default is-cropped wp-block-gallery-1 is-layout-flex wp-block-gallery-is-layout-flex\">\n<figure class=\"wp-block-image size-large\"><img loading=\"lazy\" decoding=\"async\" width=\"1920\" height=\"2560\" data-id=\"202\" src=\"https:\/\/keskitalonmaatilaleipomo.fi\/wp-content\/uploads\/2022\/02\/20211231_083542-scaled.jpg\" alt=\"\" class=\"wp-image-202\" srcset=\"https:\/\/keskitalonmaatilaleipomo.fi\/wp-content\/uploads\/2022\/02\/20211231_083542-scaled.jpg 1920w, https:\/\/keskitalonmaatilaleipomo.fi\/wp-content\/uploads\/2022\/02\/20211231_083542-225x300.jpg 225w, https:\/\/keskitalonmaatilaleipomo.fi\/wp-content\/uploads\/2022\/02\/20211231_083542-768x1024.jpg 768w, https:\/\/keskitalonmaatilaleipomo.fi\/wp-content\/uploads\/2022\/02\/20211231_083542-1152x1536.jpg 1152w, https:\/\/keskitalonmaatilaleipomo.fi\/wp-content\/uploads\/2022\/02\/20211231_083542-1536x2048.jpg 1536w\" sizes=\"auto, (max-width: 767px) 89vw, (max-width: 1000px) 54vw, (max-width: 1071px) 543px, 580px\" \/><\/figure>\n\n\n\n<figure class=\"wp-block-image size-large\"><img loading=\"lazy\" decoding=\"async\" width=\"1920\" height=\"2560\" data-id=\"201\" src=\"https:\/\/keskitalonmaatilaleipomo.fi\/wp-content\/uploads\/2022\/02\/20211231_083527-scaled.jpg\" alt=\"\" class=\"wp-image-201\" srcset=\"https:\/\/keskitalonmaatilaleipomo.fi\/wp-content\/uploads\/2022\/02\/20211231_083527-scaled.jpg 1920w, https:\/\/keskitalonmaatilaleipomo.fi\/wp-content\/uploads\/2022\/02\/20211231_083527-225x300.jpg 225w, https:\/\/keskitalonmaatilaleipomo.fi\/wp-content\/uploads\/2022\/02\/20211231_083527-768x1024.jpg 768w, https:\/\/keskitalonmaatilaleipomo.fi\/wp-content\/uploads\/2022\/02\/20211231_083527-1152x1536.jpg 1152w, https:\/\/keskitalonmaatilaleipomo.fi\/wp-content\/uploads\/2022\/02\/20211231_083527-1536x2048.jpg 1536w\" sizes=\"auto, (max-width: 767px) 89vw, (max-width: 1000px) 54vw, (max-width: 1071px) 543px, 580px\" \/><\/figure>\n<\/figure>\n\n\n\n<h2 class=\"wp-block-heading\" id=\"keskitalon-spelttihapanjuurileipa\">Keskitalon Spelttihapanjuurileip\u00e4<\/h2>\n\n\n\n<p>Spelttihapanjuurileiv\u00e4ss\u00e4mme k\u00e4ytet\u00e4\u00e4n speltin ja hapanjuuren lis\u00e4ksi vehn\u00e4\u00e4.<\/p>\n\n\n\n<h2 class=\"wp-block-heading\" id=\"keskitalon-taysjyvaleipa\">Keskitalon T\u00e4ysjyv\u00e4leip\u00e4<\/h2>\n\n\n\n<p>T\u00e4ysjyv\u00e4leiv\u00e4ss\u00e4mme k\u00e4ytet\u00e4\u00e4n paikallista ruista, auringonkukan- ja pellavansiemeni\u00e4. Leip\u00e4 leivotaan ruishapanjuureen eik\u00e4 sen valmistuksessa k\u00e4ytet\u00e4 lainkaan hiivaa.<\/p>\n\n\n\n<figure class=\"wp-block-image size-large\"><img loading=\"lazy\" decoding=\"async\" width=\"1440\" height=\"810\" src=\"https:\/\/keskitalonmaatilaleipomo.fi\/wp-content\/uploads\/2022\/01\/95948095_626401571275881_6169215226391560192_o-edited.jpg\" alt=\"\" class=\"wp-image-115\" srcset=\"https:\/\/keskitalonmaatilaleipomo.fi\/wp-content\/uploads\/2022\/01\/95948095_626401571275881_6169215226391560192_o-edited.jpg 1440w, https:\/\/keskitalonmaatilaleipomo.fi\/wp-content\/uploads\/2022\/01\/95948095_626401571275881_6169215226391560192_o-edited-768x432.jpg 768w\" sizes=\"auto, (max-width: 767px) 89vw, (max-width: 1000px) 54vw, (max-width: 1071px) 543px, 580px\" \/><\/figure>\n\n\n\n<figure class=\"wp-block-gallery has-nested-images columns-default is-cropped wp-block-gallery-2 is-layout-flex wp-block-gallery-is-layout-flex\"><\/figure>\n","protected":false},"excerpt":{"rendered":"<p>Hapanjuurileip\u00e4mme k\u00e4yv\u00e4t l\u00e4pi pitk\u00e4lliset prosessit ennen valmistumistaan. Meilt\u00e4 l\u00f6yd\u00e4t tummaa ja vaaleaa hapanjuurileip\u00e4\u00e4. Kaurahapanjuurileip\u00e4 Kaurahapanjuurileip\u00e4mme valmistuksessa ei k\u00e4ytet\u00e4 hiivaa vaan se valmistetaan hapanjuureen. Raaka-aineina siin\u00e4 k\u00e4ytet\u00e4\u00e4n vehn\u00e4\u00e4 ja kauraa, jota taikinassa on jauhona sek\u00e4 kokonaisina jyvin\u00e4. Keskitalon Spelttihapanjuurileip\u00e4 Spelttihapanjuurileiv\u00e4ss\u00e4mme k\u00e4ytet\u00e4\u00e4n speltin ja hapanjuuren lis\u00e4ksi vehn\u00e4\u00e4. Keskitalon T\u00e4ysjyv\u00e4leip\u00e4 T\u00e4ysjyv\u00e4leiv\u00e4ss\u00e4mme k\u00e4ytet\u00e4\u00e4n paikallista ruista, auringonkukan- ja pellavansiemeni\u00e4. Leip\u00e4 &hellip; <\/p>\n<p class=\"link-more\"><a href=\"https:\/\/keskitalonmaatilaleipomo.fi\/index.php\/hapanjuurileivat\/\" class=\"more-link\">Jatka lukemista<span class=\"screen-reader-text\"> &#8221;Hapanjuurileiv\u00e4t&#8221;<\/span><\/a><\/p>\n","protected":false},"author":1,"featured_media":0,"parent":0,"menu_order":0,"comment_status":"closed","ping_status":"closed","template":"","meta":{"footnotes":""},"class_list":["post-113","page","type-page","status-publish","hentry"],"_links":{"self":[{"href":"https:\/\/keskitalonmaatilaleipomo.fi\/index.php\/wp-json\/wp\/v2\/pages\/113","targetHints":{"allow":["GET"]}}],"collection":[{"href":"https:\/\/keskitalonmaatilaleipomo.fi\/index.php\/wp-json\/wp\/v2\/pages"}],"about":[{"href":"https:\/\/keskitalonmaatilaleipomo.fi\/index.php\/wp-json\/wp\/v2\/types\/page"}],"author":[{"embeddable":true,"href":"https:\/\/keskitalonmaatilaleipomo.fi\/index.php\/wp-json\/wp\/v2\/users\/1"}],"replies":[{"embeddable":true,"href":"https:\/\/keskitalonmaatilaleipomo.fi\/index.php\/wp-json\/wp\/v2\/comments?post=113"}],"version-history":[{"count":5,"href":"https:\/\/keskitalonmaatilaleipomo.fi\/index.php\/wp-json\/wp\/v2\/pages\/113\/revisions"}],"predecessor-version":[{"id":238,"href":"https:\/\/keskitalonmaatilaleipomo.fi\/index.php\/wp-json\/wp\/v2\/pages\/113\/revisions\/238"}],"wp:attachment":[{"href":"https:\/\/keskitalonmaatilaleipomo.fi\/index.php\/wp-json\/wp\/v2\/media?parent=113"}],"curies":[{"name":"wp","href":"https:\/\/api.w.org\/{rel}","templated":true}]}}